{"id":13,"date":"2020-10-05T20:12:32","date_gmt":"2020-10-05T20:12:32","guid":{"rendered":"http:\/\/egebilissellab.ege.edu.tr\/?page_id=13"},"modified":"2021-03-21T13:50:06","modified_gmt":"2021-03-21T13:50:06","slug":"about","status":"publish","type":"page","link":"https:\/\/egebilissellab.ege.edu.tr\/index.php\/about\/","title":{"rendered":"Biz Kimiz ?"},"content":{"rendered":"\n<p>Ege \u00dcniversitesi Psikoloji B\u00f6l\u00fcm\u00fc Laboratuvar\u0131nda e\u011fitim ve ara\u015ft\u0131rma amac\u0131 ta\u015f\u0131maktay\u0131z. Laboratuvar\u0131m\u0131zda lisans, y\u00fcksek lisans ve doktora tez \u00e7al\u0131\u015fmalar\u0131 uygulanmakta ve deneysel psikoloji, bili\u015fsel psikoloji gibi derslerde de \u00f6\u011frencilerin laboratuvar \u00e7al\u0131\u015fmalar\u0131 y\u00fcr\u00fct\u00fclmektedir.<\/p>\n\n\n\n<p>Laboratuvar\u0131m\u0131zda ba\u015fta g\u00f6z izleme cihazlar\u0131 olmak \u00fczere \u00e7e\u015fitli y\u00f6ntemler kullanarak pek \u00e7ok konuda bilimsel ara\u015ft\u0131rmalar y\u00fcr\u00fctmekteyiz.<\/p>\n\n\n\n<p><strong>Y\u00fcz tan\u0131ma konusunda;<\/strong><\/p>\n\n\n\n<ul><li>S\u00fcper Y\u00fcz Tan\u0131y\u0131c\u0131lar<\/li><li>Y\u00fcz \u0130zleme Stratejileri<\/li><li>Y\u00fcz Tan\u0131madaki Bireysel Farkl\u0131l\u0131klar<\/li><\/ul>\n\n\n\n<p><strong>Duygu ve bili\u015f etkile\u015fimleri konusunda;<\/strong><\/p>\n\n\n\n<ul><li>Duygusal Y\u00fcz \u0130fadeleri ve Duygu Tan\u0131ma<\/li><li>Duygu ve Bellek<\/li><li>Duygu ve G\u00f6rsel Alg\u0131\/Dikkat<\/li><li>Duygu ve Zaman Alg\u0131s\u0131<\/li><li>Duygu ve Sosyal Bili\u015f<\/li><\/ul>\n\n\n\n<p><strong>Dikkat, Alg\u0131 ve Bellek konusunda;<\/strong><\/p>\n\n\n\n<ul><li>\u00d6rt\u00fck ve A\u00e7\u0131k Dikkat Mekanizmalar\u0131<\/li><li>G\u00f6z Hareketleri<\/li><li>\u00c7al\u0131\u015fma Belle\u011fi<\/li><li>Epizodik Bellek<\/li><li>\u00dcstbellek S\u00fcre\u00e7leri<\/li><\/ul>\n\n\n\n<p><strong>Uygulamal\u0131 Bili\u015fsel Psikoloji konusunda;<\/strong><\/p>\n\n\n\n<ul><li>Spor Psikolojisi<\/li><li>Trafik Psikoloji<\/li><\/ul>\n\n\n\n<p><strong>Norm ve Standardizasyon \u00c7al\u0131\u015fmalar\u0131 konusunda;<\/strong><\/p>\n\n\n\n<ul><li>Duygusal Uyaran Seti Geli\u015ftirme \u00c7al\u0131\u015fmalar\u0131<\/li><li>\u00c7e\u015fitli Bili\u015fsel Becerilere Y\u00f6nelik \u00d6l\u00e7ek ve Uyarlama \u00c7al\u0131\u015fmalar\u0131<\/li><\/ul>\n\n\n\n<p><strong>Bili\u015fsel Rehabilitasyon konusunda ise ;<\/strong><\/p>\n\n\n\n<ul><li>Bili\u015fsel rehabilitasyon ile dikkat ve bellek becerilerinin geli\u015ftirilmesi \u00fczerine \u00e7al\u0131\u015fmalar yapmaktay\u0131z. <\/li><\/ul>\n\n\n\n<div class=\"wp-block-columns is-layout-flex wp-container-core-columns-is-layout-1 wp-block-columns-is-layout-flex\">\n<div class=\"wp-block-column is-layout-flow wp-block-column-is-layout-flow\" style=\"flex-basis:100%\">\n<h2 class=\"wp-block-heading\"><strong>Ara\u015ft\u0131rma Grubumuz<\/strong><\/h2>\n<\/div>\n<\/div>\n\n\n\n<ul><li>Sonia Amado (Profes\u00f6r Doktor)<\/li><li>Mehmet Koyuncu (Do\u00e7ent Doktor)<\/li><li>Aycan Kapucu Eryar&nbsp;&nbsp;(Do\u00e7ent Doktor)<\/li><li>Elvan Ar\u0131kan&nbsp;(Doktor \u00d6\u011fretim \u00dcyesi)<\/li><li>G\u00fclin Ka\u00e7a (\u00d6\u011fretim G\u00f6revlisi Doktor)<\/li><li>Aslan Karaaslan<\/li><li>Elif Y\u00fcvr\u00fck G\u00f6kda\u011f<strong>&nbsp;<\/strong><\/li><li>Sinem S\u00f6ylemez<\/li><li>Merve Bo\u011fa &nbsp;<\/li><li>Ay\u015feg\u00fcl Ayd\u0131nl\u0131k<\/li><li>P\u0131nar Kurdo\u011flu Ersoy<\/li><li>Belce \u0130ncedo\u011fan<\/li><li>Belk\u0131s Durmu\u015f<\/li><li>Beyza Yener<\/li><li>Melis Keskin<\/li><li>Murat Can Karata\u015f<\/li><li>Onur \u00c7al\u0131\u015fkan<\/li><li>Tansu Alavc\u0131<\/li><\/ul>\n\n\n\n<p><strong>Di\u011fer \u00dcniversitelerden Ara\u015ft\u0131rmac\u0131lar\u0131m\u0131z<\/strong><\/p>\n\n\n\n<ul><li>Belg\u00fczar Nilay T\u00fcrkan (Doktor \u00d6\u011fretim \u00dcyesi,&nbsp;<em>Pamukkale \u00dcniversitesi<\/em>)<\/li><li>Seda Ero\u011flu (Ara\u015ft\u0131rma G\u00f6revlisi,&nbsp;<em>Dokuz Eyl\u00fcl \u00dcniversitesi<\/em>)<\/li><li>T\u00fclay Y\u0131ld\u0131r\u0131m (Ara\u015ft\u0131rma G\u00f6revlisi Doktor,&nbsp;<em>Osman Gazi \u00dcniversitesi<\/em>)<\/li><li>Y\u0131ld\u0131z \u00d6zk\u0131l\u0131\u00e7&nbsp;(Ara\u015ft\u0131rma G\u00f6revlisi,&nbsp;<em>Uluda\u011f \u00dcniversitesi<\/em>)<\/li><\/ul>\n\n\n\n<div class=\"wp-block-image\"><figure class=\"aligncenter size-large is-resized\"><img loading=\"lazy\" decoding=\"async\" src=\"http:\/\/egebilissellab.ege.edu.tr\/wp-content\/uploads\/2021\/03\/Resim2.png\" alt=\"\" class=\"wp-image-126\" width=\"446\" height=\"334\" srcset=\"https:\/\/egebilissellab.ege.edu.tr\/wp-content\/uploads\/2021\/03\/Resim2.png 1010w, https:\/\/egebilissellab.ege.edu.tr\/wp-content\/uploads\/2021\/03\/Resim2-300x225.png 300w, https:\/\/egebilissellab.ege.edu.tr\/wp-content\/uploads\/2021\/03\/Resim2-768x576.png 768w\" sizes=\"(max-width: 446px) 100vw, 446px\" \/><\/figure><\/div>\n\n\n\n<div class=\"wp-block-image\"><figure class=\"aligncenter size-large is-resized\"><img loading=\"lazy\" decoding=\"async\" src=\"http:\/\/egebilissellab.ege.edu.tr\/wp-content\/uploads\/2021\/03\/Resim3-2.jpg\" alt=\"\" class=\"wp-image-130\" width=\"449\" height=\"498\"\/><\/figure><\/div>\n","protected":false},"excerpt":{"rendered":"<p>Ege \u00dcniversitesi Psikoloji B\u00f6l\u00fcm\u00fc Laboratuvar\u0131nda e\u011fitim ve ara\u015ft\u0131rma amac\u0131 ta\u015f\u0131maktay\u0131z. Laboratuvar\u0131m\u0131zda lisans, y\u00fcksek lisans ve doktora tez \u00e7al\u0131\u015fmalar\u0131 uygulanmakta ve deneysel psikoloji, bili\u015fsel psikoloji gibi&#8230;<\/p>\n<div class=\"more-link-wrapper\"><a class=\"more-link\" href=\"https:\/\/egebilissellab.ege.edu.tr\/index.php\/about\/\">Devam\u0131n\u0131 Oku<span class=\"screen-reader-text\">Biz Kimiz ?<\/span> <i class=\"fas fa-angle-right\"><\/i><\/a><\/div>\n","protected":false},"author":1,"featured_media":0,"parent":0,"menu_order":0,"comment_status":"closed","ping_status":"closed","template":"","meta":{"footnotes":""},"_links":{"self":[{"href":"https:\/\/egebilissellab.ege.edu.tr\/index.php\/wp-json\/wp\/v2\/pages\/13"}],"collection":[{"href":"https:\/\/egebilissellab.ege.edu.tr\/index.php\/wp-json\/wp\/v2\/pages"}],"about":[{"href":"https:\/\/egebilissellab.ege.edu.tr\/index.php\/wp-json\/wp\/v2\/types\/page"}],"author":[{"embeddable":true,"href":"https:\/\/egebilissellab.ege.edu.tr\/index.php\/wp-json\/wp\/v2\/users\/1"}],"replies":[{"embeddable":true,"href":"https:\/\/egebilissellab.ege.edu.tr\/index.php\/wp-json\/wp\/v2\/comments?post=13"}],"version-history":[{"count":5,"href":"https:\/\/egebilissellab.ege.edu.tr\/index.php\/wp-json\/wp\/v2\/pages\/13\/revisions"}],"predecessor-version":[{"id":131,"href":"https:\/\/egebilissellab.ege.edu.tr\/index.php\/wp-json\/wp\/v2\/pages\/13\/revisions\/131"}],"wp:attachment":[{"href":"https:\/\/egebilissellab.ege.edu.tr\/index.php\/wp-json\/wp\/v2\/media?parent=13"}],"curies":[{"name":"wp","href":"https:\/\/api.w.org\/{rel}","templated":true}]}}