{"id":14,"date":"2020-10-05T20:12:32","date_gmt":"2020-10-05T20:12:32","guid":{"rendered":"http:\/\/egebilissellab.ege.edu.tr\/?page_id=14"},"modified":"2021-03-21T20:51:12","modified_gmt":"2021-03-21T20:51:12","slug":"contact","status":"publish","type":"page","link":"https:\/\/egebilissellab.ege.edu.tr\/index.php\/contact\/","title":{"rendered":"\u0130leti\u015fim"},"content":{"rendered":"\n<p>Ege \u00dcniversitesi Edebiyat Fak\u00fcltesi Psikoloji B\u00f6l\u00fcm\u00fc, Kamp\u00fcs, Bornova, 35400, \u0130zmir, T\u00fcrkiye<\/p>\n\n\n\n<p><strong>Telefon :<\/strong>&nbsp;&nbsp;+90 232 311 13 31 (B\u00f6l\u00fcm Sekreteri)<\/p>\n\n\n\n<p><strong>Faks&nbsp;&nbsp;&nbsp;&nbsp;&nbsp;&nbsp;:<\/strong>&nbsp;&nbsp;+ 90 232 388 11 02<\/p>\n","protected":false},"excerpt":{"rendered":"<p>Ege \u00dcniversitesi Edebiyat Fak\u00fcltesi Psikoloji B\u00f6l\u00fcm\u00fc, Kamp\u00fcs, Bornova, 35400, \u0130zmir, T\u00fcrkiye Telefon :&nbsp;&nbsp;+90 232 311 13 31 (B\u00f6l\u00fcm Sekreteri) Faks&nbsp;&nbsp;&nbsp;&nbsp;&nbsp;&nbsp;:&nbsp;&nbsp;+ 90 232 388 11 02<\/p>\n","protected":false},"author":1,"featured_media":0,"parent":0,"menu_order":0,"comment_status":"closed","ping_status":"closed","template":"","meta":{"footnotes":""},"_links":{"self":[{"href":"https:\/\/egebilissellab.ege.edu.tr\/index.php\/wp-json\/wp\/v2\/pages\/14"}],"collection":[{"href":"https:\/\/egebilissellab.ege.edu.tr\/index.php\/wp-json\/wp\/v2\/pages"}],"about":[{"href":"https:\/\/egebilissellab.ege.edu.tr\/index.php\/wp-json\/wp\/v2\/types\/page"}],"author":[{"embeddable":true,"href":"https:\/\/egebilissellab.ege.edu.tr\/index.php\/wp-json\/wp\/v2\/users\/1"}],"replies":[{"embeddable":true,"href":"https:\/\/egebilissellab.ege.edu.tr\/index.php\/wp-json\/wp\/v2\/comments?post=14"}],"version-history":[{"count":2,"href":"https:\/\/egebilissellab.ege.edu.tr\/index.php\/wp-json\/wp\/v2\/pages\/14\/revisions"}],"predecessor-version":[{"id":150,"href":"https:\/\/egebilissellab.ege.edu.tr\/index.php\/wp-json\/wp\/v2\/pages\/14\/revisions\/150"}],"wp:attachment":[{"href":"https:\/\/egebilissellab.ege.edu.tr\/index.php\/wp-json\/wp\/v2\/media?parent=14"}],"curies":[{"name":"wp","href":"https:\/\/api.w.org\/{rel}","templated":true}]}}